{"id":1000,"date":"2010-11-07T10:48:57","date_gmt":"2010-11-07T10:48:57","guid":{"rendered":"http:\/\/visionblue.wordpress.com\/"},"modified":"2022-01-24T14:16:21","modified_gmt":"2022-01-24T14:16:21","slug":"zitate","status":"publish","type":"page","link":"https:\/\/visionblue.info\/?page_id=1000","title":{"rendered":"Zitate"},"content":{"rendered":"<p><img data-recalc-dims=\"1\" loading=\"lazy\" decoding=\"async\" class=\"alignnone size-full wp-image-6423\" src=\"https:\/\/i0.wp.com\/visionblue.info\/wp-content\/uploads\/2022\/01\/einsteinriff1024x768.jpg?resize=810%2C608&#038;ssl=1\" alt=\"\" width=\"810\" height=\"608\" srcset=\"https:\/\/i0.wp.com\/visionblue.info\/wp-content\/uploads\/2022\/01\/einsteinriff1024x768.jpg?w=1024&amp;ssl=1 1024w, https:\/\/i0.wp.com\/visionblue.info\/wp-content\/uploads\/2022\/01\/einsteinriff1024x768.jpg?resize=300%2C225&amp;ssl=1 300w, https:\/\/i0.wp.com\/visionblue.info\/wp-content\/uploads\/2022\/01\/einsteinriff1024x768.jpg?resize=768%2C576&amp;ssl=1 768w, https:\/\/i0.wp.com\/visionblue.info\/wp-content\/uploads\/2022\/01\/einsteinriff1024x768.jpg?resize=880%2C660&amp;ssl=1 880w\" sizes=\"auto, (max-width: 810px) 100vw, 810px\" \/><\/p>\n<p style=\"text-align: justify;\">&#8222;Phantasie ist wichtiger als Wissen, denn Wissen ist begrenzt.&#8220;<br \/>\n<span style=\"color: #888888;\"><em>Albert Einstein<\/em><\/span><\/p>\n<p>&#8222;Gedankenfreiheit ist die Hauptschlagader der Demokratie. Und wenn die besch\u00e4digt wird, dann droht der Infarkt!&#8220;<br \/>\n<span style=\"color: #808080;\"><em> Uwe Steimle<\/em><\/span><\/p>\n<p style=\"text-align: justify;\">&#8222;Ich sag das mal so!&#8220;, sagt das K\u00e4nguru. &#8222;Ich glaube, dass der, der an die wildesten Verschw\u00f6rungstheorien glaubt, n\u00e4her an der Wahrheit ist als der, der glaubt, dass alles in Ordnung ist. &#8230;&#8220;<br \/>\n<span style=\"color: #888888;\"><em>Marc-Uwe Kling &#8211; Die K\u00e4nguru-Chroniken (PS: Das ist eine Satirereihe und das K\u00e4nguruh ist gegen Nazis, die es immer boxen m\u00f6chte &#8211; ich habe alle B\u00fccher davon und finde sie super)<br \/>\n<\/em><\/span><\/p>\n<p style=\"text-align: justify;\"><span style=\"color: #000000;\">&#8222;Vielleicht liegt es an unserer irregeleiteten Willensfreiheit, vielleicht auch nur an unserem erb\u00e4rmlichen Stolz; jedenfalls leben wir unser Leben in der \u00dcberzeugung, wir st\u00fcnden im Mittelpunkt des Schauspiels. Nur selten erleben wir Momente, in denen wir uns von au\u00dfen betrachten, Momente, die uns von unserem Ego trennen und zwingen, die Dinge in einem gr\u00f6\u00dferen Zusammenhang zu sehen. Dann erkennen wir, dass dieses Schauspiel eigentlich ein gewaltiges Gewebe ist, in dem jeder von uns nur einen Faden darstellt; und doch ist jeder Faden unentbehrlich f\u00fcr die Vollst\u00e4ndigkeit des Ganzen.&#8220;<br \/>\n<\/span><span style=\"color: #000000;\"><span style=\"color: #888888;\"><em>Dean Koontz, Trauma<\/em><\/span><\/span><span style=\"color: #000000;\"><br \/>\n<\/span><\/p>\n<p><span style=\"color: #000000;\">\u201eEs gibt keine Energiekrise, sondern ganz einfach nur eine Krise der Ignoranz.\u201c<br \/>\n<\/span><span style=\"color: #000000;\"><span style=\"color: #808080;\"><em>Richard Buckminster Fuller<\/em><\/span><\/span><\/p>\n<p style=\"text-align: justify;\">&#8222;Gott ist Bewusstsein in jeder einzelnen Zelle!&#8220;<br \/>\n<span style=\"color: #888888;\"><em>Sabrina Prantl, Die kosmischen Hierarchien und der Aufbau des Lebens<\/em><\/span><\/p>\n<p style=\"text-align: justify;\">&#8222;Das ist zu wahr um sch\u00f6n zu sein!&#8220;<br \/>\n<span style=\"color: #888888;\"><em>Thadd\u00e4us in\u00a0SpongeBob<\/em><\/span><\/p>\n<p style=\"text-align: justify;\"><span style=\"color: #888888;\"><span style=\"color: #000000;\">\u201eUnsere Aufgabe besteht \u2026 darin, den Weg von dem Schutt zu befreien, der die Wirklichkeit in diesem Augenblick unklar erscheinen l\u00e4sst. Alles was wir brauchen, liegt in uns. Wir sind alle weise und wunderbar, und wie jede Erziehung, bedeutet auch geistige Erziehung, neu zu entdecken, was wir bereits wissen. Es ist oft be\u00e4ngstigend, den Sprung zu wagen, sich einzugestehen, dass einen nichts ganz und gl\u00fccklich machen kann, was au\u00dferhalb von einem liegt. Wahres Gl\u00fcck, Freude, Friede und Sicherheit, das alles liegt in uns. Wir m\u00fcssen es nur finden. \u2026 \u00a0Zuerst m\u00f6chte ich dich bitten, umfassender zu denken zu versuchen und die M\u00f6glichkeit zu erw\u00e4gen, dass das Leben mehr zu bieten hat, als du annimmst. Man hat uns allgemein gelehrt, methodisch zu denken und uns zu konzentrieren, was f\u00fcr unseren Lebensablauf gut und wesentlich ist. Was ich jedoch meine, ist, ein Bild von allen Seiten zu sehen.\u201c<\/span><\/span><span style=\"color: #888888;\"><span style=\"color: #000000;\"><br \/>\n<\/span><\/span><span style=\"color: #888888;\"><span style=\"color: #000000;\"><span style=\"color: #808080;\"><em>Dr. Brenda Davies,<\/em><\/span><\/span><\/span> <span style=\"color: #888888;\"><span style=\"color: #000000;\"><span style=\"color: #808080;\"><em>Chakras \u2013 Tore zur Seele<\/em><\/span><\/span><\/span><\/p>\n<p style=\"text-align: justify;\">&#8222;Die nach dem Bellschen Theorem und dem Aspect-Experiment bestehenden nichtlokalen Korrelationen sind akausale Koinzidenzen, deren Bedeutung immer nach dem Geschehnis auftaucht, wenn die Beobachter die Daten vergleichen, so wie bei der Synchronizit\u00e4t von Ereignissen, wo das Aufkommen von Bedeutung nach dem gleichen Schema verl\u00e4uft.&#8220;<br \/>\n<span style=\"color: #888888;\"><em>Amit Goswami, Das Bewusste Universum<\/em><\/span><\/p>\n<p style=\"text-align: justify;\"><span style=\"color: #888888;\"><span style=\"color: #000000;\">&#8222;Die meisten Menschen glauben, dass ihr Einfluss auf die Welt darauf beschr\u00e4nkt ist, andere zu beeinflussen.&#8220;<\/span><\/span><span style=\"color: #888888;\"><em><br \/>\nElla Kensington, Die 7 Botschaften der Seele<\/em><\/span><\/p>\n<p style=\"text-align: justify;\">&#8222;Wenn man seinen emotionalen Zustand nicht steuern kann, ist man offensichtlich davon abh\u00e4ngig.&#8220;<span style=\"color: #888888;\"><em><br \/>\nDr. Joe Dispenza, Bleep! <\/em><\/span><\/p>\n<p style=\"text-align: justify;\">&#8222;Jede Erfahrung baut auf den Ausgang der vorherigen auf. Es gibt keine vergeblichen Entscheidungen weil jede Entscheidung\/Erfahrung notwendig ist. Jede Entscheidung setzt etwas in Bewegung, das nicht mehr nur auf uns selbst zur\u00fcckwirkt, sondern auch auf den Rest der Welt.&#8220;<span style=\"color: #888888;\"><em><br \/>\nGregg Braden, Der Realit\u00e4ts-Code<\/em><\/span><\/p>\n<p style=\"text-align: justify;\">&#8222;Ich will nicht mehr versuchen, das Unkontrollierbare zu kontrollieren.&#8220;<span style=\"color: #888888;\"><em><br \/>\nEli Stone <\/em><\/span><\/p>\n<p style=\"text-align: justify;\">&#8222;Wir m\u00fcssen uns davon l\u00f6sen, dass unsere Gef\u00fchle Mittel zum Denken sind!&#8220;<span style=\"color: #888888;\"><em><br \/>\n<\/em><\/span><span style=\"color: #888888;\"><em>Dr. Joe Dispenza, Bleep! <\/em><\/span><\/p>\n<p style=\"text-align: justify;\">&#8222;Die Existenz des Schattens ist vom Licht abh\u00e4ngig, aber das Licht ist nicht vom Schatten abh\u00e4ngig und kann vom Schatten nie erreicht werden, denn sobald \u201eSchatten\u201c ins Licht kommt, kann er nicht mehr Schatten sein.&#8220;<br \/>\n<span style=\"color: #808080;\"><em>Armin Risi, \u00a0Machtwechsel auf der Erde<\/em><\/span><\/p>\n<p><span style=\"color: #888888;\"><em>\u00a0<\/em><\/span><\/p>\n","protected":false},"excerpt":{"rendered":"<p>&#8222;Phantasie ist wichtiger als Wissen, denn Wissen ist begrenzt.&#8220; Albert Einstein &#8222;Gedankenfreiheit ist die Hauptschlagader der Demokratie. Und wenn die besch\u00e4digt wird, dann droht der Infarkt!&#8220; Uwe Steimle &#8222;Ich sag das mal so!&#8220;, sagt das K\u00e4nguru. &#8222;Ich glaube, dass der, der an die wildesten Verschw\u00f6rungstheorien glaubt, n\u00e4her an der Wahrheit ist als der, der glaubt, dass alles in Ordnung ist. &#8230;&#8220; Marc-Uwe Kling &#8211; Die K\u00e4nguru-Chroniken (PS: Das ist eine Satirereihe und das K\u00e4nguruh ist<\/p>\n","protected":false},"author":1,"featured_media":0,"parent":0,"menu_order":0,"comment_status":"open","ping_status":"open","template":"","meta":{"jetpack_post_was_ever_published":false,"footnotes":""},"class_list":["post-1000","page","type-page","status-publish","hentry"],"jetpack_sharing_enabled":true,"jetpack_shortlink":"https:\/\/wp.me\/PaoLFj-g8","_links":{"self":[{"href":"https:\/\/visionblue.info\/index.php?rest_route=\/wp\/v2\/pages\/1000","targetHints":{"allow":["GET"]}}],"collection":[{"href":"https:\/\/visionblue.info\/index.php?rest_route=\/wp\/v2\/pages"}],"about":[{"href":"https:\/\/visionblue.info\/index.php?rest_route=\/wp\/v2\/types\/page"}],"author":[{"embeddable":true,"href":"https:\/\/visionblue.info\/index.php?rest_route=\/wp\/v2\/users\/1"}],"replies":[{"embeddable":true,"href":"https:\/\/visionblue.info\/index.php?rest_route=%2Fwp%2Fv2%2Fcomments&post=1000"}],"version-history":[{"count":5,"href":"https:\/\/visionblue.info\/index.php?rest_route=\/wp\/v2\/pages\/1000\/revisions"}],"predecessor-version":[{"id":6424,"href":"https:\/\/visionblue.info\/index.php?rest_route=\/wp\/v2\/pages\/1000\/revisions\/6424"}],"wp:attachment":[{"href":"https:\/\/visionblue.info\/index.php?rest_route=%2Fwp%2Fv2%2Fmedia&parent=1000"}],"curies":[{"name":"wp","href":"https:\/\/api.w.org\/{rel}","templated":true}]}}