{"id":1707,"date":"2012-01-01T14:23:32","date_gmt":"2012-01-01T14:23:32","guid":{"rendered":"http:\/\/visionblue.wordpress.com\/?page_id=1707"},"modified":"2021-02-14T17:22:01","modified_gmt":"2021-02-14T17:22:01","slug":"publikationen","status":"publish","type":"page","link":"https:\/\/visionblue.info\/?page_id=1707","title":{"rendered":"Publikationen"},"content":{"rendered":"<p style=\"text-align: justify;\"><span style=\"font-size: 18pt;\"><strong>Mein Buch zum Blog (erschienen am 10.06.2014)<\/strong><\/span><br \/>\nbehandelt die u.a. die Themen Nahtoderlebnisse, Lebensplan, Erkennen und Loslassen (L\u00f6sung schwieriger Lebenssituationen), Kraft der Gedanken, Klartraum, Au\u00dferk\u00f6rperliche Erfahrung, Lebensenergie (Chakras und Aura) und Heilung<strong><br \/>\n<a href=\"https:\/\/i0.wp.com\/visionblue.info\/wp-content\/uploads\/2014\/06\/cover.jpg?ssl=1\" target=\"_blank\" rel=\"noopener noreferrer\"><img data-recalc-dims=\"1\" loading=\"lazy\" decoding=\"async\" class=\"aligncenter wp-image-3032 size-full\" style=\"border: 1px solid #000000; margin-top: 1px; margin-bottom: 1px;\" src=\"https:\/\/i0.wp.com\/visionblue.info\/wp-content\/uploads\/2014\/06\/cover-klein.jpg?resize=450%2C333&#038;ssl=1\" alt=\"Cover-klein\" width=\"450\" height=\"333\" srcset=\"https:\/\/i0.wp.com\/visionblue.info\/wp-content\/uploads\/2014\/06\/cover-klein.jpg?w=450&amp;ssl=1 450w, https:\/\/i0.wp.com\/visionblue.info\/wp-content\/uploads\/2014\/06\/cover-klein.jpg?resize=300%2C222&amp;ssl=1 300w\" sizes=\"auto, (max-width: 450px) 100vw, 450px\" \/><\/a><\/strong><\/p>\n<dl>\n<dt class=\"isbn\">ISBN-13:\u00a0978-3-8417-7261-9<\/dt>\n<\/dl>\n<dl>\n<dt class=\"isbn\">ISBN-10:\u00a03841772617<\/dt>\n<\/dl>\n<dl>\n<dt class=\"isbn\">EAN:\u00a09783841772619<\/dt>\n<\/dl>\n<dl>\n<dt class=\"subtitle\">Buchsprache:\u00a0Deutsch<\/dt>\n<dt>Klappentext:<br \/>\nIm Jahre 1997 bewegt ein Ereignis die Welt. Prinzessin Diana stirbt bei einem mysteri\u00f6sen Verkehrsunfall in Paris. In der Nacht zum 31. August 1997 schreckt ein Mann aus einem Traum hoch. In diesem Traum fl\u00fcchtet die Prinzessin in einem B\u00fcrogeb\u00e4ude vor dunklen Verfolgern, st\u00fcrzt sich aus der obersten Etage und kommt durch den Aufprall am Fu\u00dfe des Hauses zu Tode. Zeitgleich zum realen Geschehen im 900 km entfernten Paris sah der Mann Dianas Tod. F\u00fcr diese Erfahrung konnte er keine logische Erkl\u00e4rung finden; jedoch war sie real. Hirngespinst? Einbildung? Nein! Mit diesem Erlebnis \u00f6ffnete sich f\u00fcr den Mann eine T\u00fcr, die ihm den Zugang zu neuen Bewusstseinsdimensionen verschaffte, seine &#8222;Denkbox&#8220; aufbrach und ihn die Welt mit anderen Augen sehen lie\u00df. So erfuhr er, dass der Tod nicht das Ende ist, das Leben nach einem Plan verl\u00e4uft, blo\u00dfe Gedanken Realit\u00e4t erschaffen, Tr\u00e4ume mehr als Sch\u00e4ume sind, der Geist nicht an den K\u00f6rper gebunden ist und viele &#8222;unheilbare&#8220; Krankheiten geheilt werden k\u00f6nnen. Das vorliegende Buch ist ein Ausfluss der Erkenntnisse dieses Mannes. Sie werden gemeinhin als &#8222;Unm\u00f6glichkeiten&#8220; angesehen und k\u00f6nnen dein Denken in seinen Grundfesten ersch\u00fcttern.<\/dt>\n<dt><a href=\"https:\/\/drive.google.com\/file\/d\/1k4i3eTJY-2emnVwwVj8dF8KXPUKwOE7Y\/view?usp=sharing\" target=\"_blank\" rel=\"noopener noreferrer\">Eine Leseprobe &#8211; das Kapitel 1 &#8211; &#8222;Was ist eine Denkbox?&#8220; findest du hier!<\/a><\/dt>\n<dt>Verlag:\u00a0<a href=\"http:\/\/www.bloggingbooks.de\" target=\"_blank\" rel=\"noopener noreferrer\">Bloggingbooks<\/a><\/dt>\n<dt>von (Autor):\u00a0Jens Vogler<\/dt>\n<dt>Seitenanzahl:\u00a0124<\/dt>\n<dt>Ver\u00f6ffentlicht am:\u00a010.06.2014<\/dt>\n<dt>Kategorie:\u00a0Lebensf\u00fchrung, Pers\u00f6nliche Entwicklung<\/dt>\n<dt>Preis:\u00a019,80 \u20ac<\/dt>\n<dt>Stichworte:\u00a0Bewusstsein,\u00a0Heilung,\u00a0Rollenspiele,\u00a0Lebensplan,\u00a0Klartraum,<br \/>\nAu\u00dferk\u00f6rperliche Erfahrung,\u00a0Krankheit,\u00a0Denkbox,\u00a0Nahtoderlebnis<\/dt>\n<\/dl>\n<p><strong>Hier kannst du es bestellen:\u00a0<\/strong><strong><a href=\"https:\/\/www.morebooks.de\/store\/de\/book\/vision-blue-befreie-dein-denken\/isbn\/978-3-8417-7261-9\" target=\"_blank\" rel=\"noopener noreferrer\">www.morebooks.de\u00a0<\/a><\/strong><strong>und\u00a0<a href=\"http:\/\/www.amazon.de\/Vision-Blue-Befreie-Erkenntnisse-Unm%C3%B6glichkeiten\/dp\/3841772617\/ref=sr_1_2?s=books&amp;ie=UTF8&amp;qid=1402513398&amp;sr=1-2\" target=\"_blank\" rel=\"noopener noreferrer\">Amazon.de<\/a><\/strong><a href=\"https:\/\/www.morebooks.de\/store\/de\/book\/vision-blue-befreie-dein-denken\/isbn\/978-3-8417-7261-9\" target=\"_blank\" rel=\"noopener noreferrer\"><br \/>\n<\/a><\/p>\n<hr \/>\n<p><strong><span style=\"color: #7b1e3a;\"><span style=\"color: #000000;\">Zwei Artikel (Download unten) ver\u00f6ffentlicht in Feng Shui Aktuell Nr. 16\/2011 &#8211; ISSN 1864-3221<\/span><\/span><\/strong><br \/>\n<span style=\"color: #7b1e3a;\"><strong><br \/>\n<\/strong><\/span> <a href=\"https:\/\/visionblue.info\/wp-content\/uploads\/2021\/02\/fsa-raumenergie-wissenschaftlich-bewiesen.pdf\" target=\"_blank\" rel=\"noopener noreferrer\"><img data-recalc-dims=\"1\" loading=\"lazy\" decoding=\"async\" class=\"wp-image-1708 alignnone\" title=\"Feng Shui Aktuell\" src=\"http:\/\/visionblue.files.wordpress.com\/2012\/01\/fsa16-raumenergie.jpg?resize=405%2C326\" alt=\"\" width=\"405\" height=\"326\" srcset=\"https:\/\/i0.wp.com\/visionblue.info\/wp-content\/uploads\/2012\/01\/fsa16-raumenergie.jpg?w=452&amp;ssl=1 452w, https:\/\/i0.wp.com\/visionblue.info\/wp-content\/uploads\/2012\/01\/fsa16-raumenergie.jpg?resize=300%2C242&amp;ssl=1 300w\" sizes=\"auto, (max-width: 405px) 100vw, 405px\" \/><\/a><br \/>\n<a href=\"https:\/\/visionblue.info\/wp-content\/uploads\/2021\/02\/fsa-raumenergie-wissenschaftlich-bewiesen.pdf\" target=\"_blank\" rel=\"noopener noreferrer\">Artikel &#8222;Wissenschaftlich bewiesen &#8211; saubere Raumenergie ist nutzbar&#8220; Download\u00a0<\/a><br \/>\n<span style=\"color: #7b1e3a;\"><strong><br \/>\n<a href=\"https:\/\/visionblue.info\/wp-content\/uploads\/2021\/02\/fsa-kraftorte-in-der-schweiz.pdf\" target=\"_blank\" rel=\"noopener noreferrer\"><img data-recalc-dims=\"1\" loading=\"lazy\" decoding=\"async\" class=\"alignnone wp-image-1711\" title=\"Feng Shui Aktuell - Auszug\" src=\"http:\/\/visionblue.files.wordpress.com\/2012\/01\/fsa16-kraftorte.jpg?resize=405%2C384\" alt=\"\" width=\"405\" height=\"384\" srcset=\"https:\/\/i0.wp.com\/visionblue.info\/wp-content\/uploads\/2012\/01\/fsa16-kraftorte.jpg?w=452&amp;ssl=1 452w, https:\/\/i0.wp.com\/visionblue.info\/wp-content\/uploads\/2012\/01\/fsa16-kraftorte.jpg?resize=300%2C285&amp;ssl=1 300w\" sizes=\"auto, (max-width: 405px) 100vw, 405px\" \/><\/a><br \/>\n<\/strong><a href=\"https:\/\/visionblue.info\/wp-content\/uploads\/2021\/02\/fsa-kraftorte-in-der-schweiz.pdf\" target=\"_blank\" rel=\"noopener noreferrer\">Artikel &#8222;Kraftorte in der Schweiz&#8220; Download\u00a0<\/a><\/span><\/p>\n","protected":false},"excerpt":{"rendered":"<p>Mein Buch zum Blog (erschienen am 10.06.2014) behandelt die u.a. die Themen Nahtoderlebnisse, Lebensplan, Erkennen und Loslassen (L\u00f6sung schwieriger Lebenssituationen), Kraft der Gedanken, Klartraum, Au\u00dferk\u00f6rperliche Erfahrung, Lebensenergie (Chakras und Aura) und Heilung ISBN-13:\u00a0978-3-8417-7261-9 ISBN-10:\u00a03841772617 EAN:\u00a09783841772619 Buchsprache:\u00a0Deutsch Klappentext: Im Jahre 1997 bewegt ein Ereignis die Welt. Prinzessin Diana stirbt bei einem mysteri\u00f6sen Verkehrsunfall in Paris. In der Nacht zum 31. August 1997 schreckt ein Mann aus einem Traum hoch. In diesem Traum fl\u00fcchtet die Prinzessin in<\/p>\n","protected":false},"author":1,"featured_media":0,"parent":0,"menu_order":0,"comment_status":"open","ping_status":"open","template":"","meta":{"jetpack_post_was_ever_published":false,"footnotes":""},"class_list":["post-1707","page","type-page","status-publish","hentry"],"jetpack_sharing_enabled":true,"jetpack_shortlink":"https:\/\/wp.me\/PaoLFj-rx","_links":{"self":[{"href":"https:\/\/visionblue.info\/index.php?rest_route=\/wp\/v2\/pages\/1707","targetHints":{"allow":["GET"]}}],"collection":[{"href":"https:\/\/visionblue.info\/index.php?rest_route=\/wp\/v2\/pages"}],"about":[{"href":"https:\/\/visionblue.info\/index.php?rest_route=\/wp\/v2\/types\/page"}],"author":[{"embeddable":true,"href":"https:\/\/visionblue.info\/index.php?rest_route=\/wp\/v2\/users\/1"}],"replies":[{"embeddable":true,"href":"https:\/\/visionblue.info\/index.php?rest_route=%2Fwp%2Fv2%2Fcomments&post=1707"}],"version-history":[{"count":9,"href":"https:\/\/visionblue.info\/index.php?rest_route=\/wp\/v2\/pages\/1707\/revisions"}],"predecessor-version":[{"id":5904,"href":"https:\/\/visionblue.info\/index.php?rest_route=\/wp\/v2\/pages\/1707\/revisions\/5904"}],"wp:attachment":[{"href":"https:\/\/visionblue.info\/index.php?rest_route=%2Fwp%2Fv2%2Fmedia&parent=1707"}],"curies":[{"name":"wp","href":"https:\/\/api.w.org\/{rel}","templated":true}]}}