{"id":2072,"date":"2012-10-25T11:12:59","date_gmt":"2012-10-25T11:12:59","guid":{"rendered":"http:\/\/visionblue.wordpress.com\/?page_id=2072"},"modified":"2021-02-09T15:51:52","modified_gmt":"2021-02-09T15:51:52","slug":"vbe-verein","status":"publish","type":"page","link":"https:\/\/visionblue.info\/?page_id=2072","title":{"rendered":"VBE Verein"},"content":{"rendered":"<p><img data-recalc-dims=\"1\" loading=\"lazy\" decoding=\"async\" class=\"alignnone\" src=\"http:\/\/visionblueenergy.files.wordpress.com\/2013\/01\/vbe-ev-logo.jpg?resize=192%2C192\" alt=\"\" width=\"192\" height=\"192\" \/><\/p>\n<p><a href=\"http:\/\/www.visionblueenergy.net\" target=\"_blank\" rel=\"noopener noreferrer\">Vision Blue Energy e.V.<\/a><\/p>\n<p style=\"text-align: justify;\"><span style=\"font-family: arial, helvetica, sans-serif;\">Am 20.10.2012 wurde in der Gemarkung Trusetal auf der Hohe Klinge, mitten im Herzen Th\u00fcringens bei strahlendem Sonnenschein, also &#8222;\u00fcber den Wolken&#8220; und an den wohl letzten warmen goldenen Herbsttagen <a href=\"http:\/\/www.visionblueenergy.net\" target=\"_blank\" rel=\"noopener noreferrer\">ein neuer und wichtiger Verein<\/a> begr\u00fcndet.<br \/>\n<a href=\"http:\/\/visionblue.files.wordpress.com\/2012\/10\/panorama-hohe-klinge.jpg\" target=\"_blank\" rel=\"noopener noreferrer\"><img data-recalc-dims=\"1\" loading=\"lazy\" decoding=\"async\" class=\"size-full wp-image-2079 alignnone\" title=\"Panorama Hohe Klinge Trusetal - Th\u00fcringen\" src=\"https:\/\/i0.wp.com\/visionblue.info\/wp-content\/uploads\/2012\/10\/panorama-hohe-klinge-klein.jpg?resize=450%2C148&#038;ssl=1\" alt=\"Panorama Hohe Klinge Trusetal - Th\u00fcringen\" width=\"450\" height=\"148\" srcset=\"https:\/\/i0.wp.com\/visionblue.info\/wp-content\/uploads\/2012\/10\/panorama-hohe-klinge-klein.jpg?w=450&amp;ssl=1 450w, https:\/\/i0.wp.com\/visionblue.info\/wp-content\/uploads\/2012\/10\/panorama-hohe-klinge-klein.jpg?resize=300%2C99&amp;ssl=1 300w\" sizes=\"auto, (max-width: 450px) 100vw, 450px\" \/><\/a><br \/>\n<\/span><\/p>\n<p style=\"text-align: justify;\"><span style=\"font-family: arial, helvetica, sans-serif;\">Anwesend waren 9 Gr\u00fcndungsmitglieder.<\/span><\/p>\n<p>Sie beschlossen die Satzung, in der der Vereinszweck eine zentrale Bedeutung erfuhr.<\/p>\n<p style=\"text-align: justify;\"><span style=\"font-family: arial, helvetica, sans-serif;\"><strong>Zitat aus der Satzung Vereinszweck \u00a7 3:<\/strong><\/span><br \/>\n<em><span style=\"font-family: arial, helvetica, sans-serif;\">(2) Zweck des Vereins ist die F\u00f6rderung von Wissenschaft und Forschung<\/span><span style=\"font-family: arial, helvetica, sans-serif;\"> auf dem Gebiet der freien Energietechnologien. Dies sind<\/span><span style=\"font-family: arial, helvetica, sans-serif;\"> Technologien die im Einklang mit der Natur stehen, die Ressourcen der<\/span><span style=\"font-family: arial, helvetica, sans-serif;\"> Erde sowie deren Flora und Fauna schonen und mehren und allen<\/span><span style=\"font-family: arial, helvetica, sans-serif;\"> Menschen eine autarke, unabh\u00e4ngige, dauerhafte Energieversorgung<\/span><span style=\"font-family: arial, helvetica, sans-serif;\"> erm\u00f6glichen. Die etwaige Entwicklung sogenannter erneuerbarer Energien<\/span><span style=\"font-family: arial, helvetica, sans-serif;\"> hat sich diesen Prinzipien unterzuordnen.<\/span><\/em><\/p>\n<p style=\"text-align: justify;\"><span style=\"font-family: arial, helvetica, sans-serif;\">Wir sehen die alt hergebrachten, sogenannten &#8222;erneuerbaren Energien&#8220; eher als eine Mogelpackung an, weil sie uneffektiv, Ressourcen fressend, auf Kredite basierend und auf neue Abh\u00e4ngigkeiten verlagernd anzusehen sind. Sie treiben best\u00e4ndig die Preise f\u00fcr Energiebezug nach oben und eine \u00c4nderung dieses Zustandes ist bisher nicht abzusehen, wird auch von der Politik so nicht in Aussicht gestellt.<\/span><\/p>\n<p style=\"text-align: justify;\"><span style=\"font-family: arial, helvetica, sans-serif;\">Photovoltaik und Windenergie sehen wir nicht als DIE letzte L\u00f6sung an. <\/span><span style=\"font-family: arial, helvetica, sans-serif;\"><br \/>\n<\/span><\/p>\n<p style=\"text-align: justify;\"><span style=\"font-family: arial, helvetica, sans-serif;\">Der Verein agiert international und st\u00fctzt sich unter anderen auf Erkenntnisse Teslas zur Raumenergieerzeugung, auf die Prof. Dr. Claus Turturs, Nassim Harameins und anderen und will diese abgel\u00f6st von Patentierung und Gebrauchsmusterschutz im Opensource entwickeln und weiterverbreiten. Wir sehen die Patentierung dieser Technik als ersten Hinderungsgrund daf\u00fcr, da\u00df sie der Allgemeinheit jemals zu vern\u00fcnftigen Konditionen verf\u00fcgbar gemacht werden kann.<br \/>\n<\/span><\/p>\n<p style=\"text-align: justify;\"><span style=\"font-family: arial, helvetica, sans-serif;\">Die Gr\u00fcndungsmitglieder sind der Auffassung, da\u00df Energie ein Grundbed\u00fcrfnis der Menschen darstellt und nicht als Zwangsmittel herangezogen werden darf, so wie es derzeit passiert. Der Verein m\u00f6chte mit seinem Tun dazu beitragen, da\u00df mit der Unabh\u00e4ngigmachung eines jeden Menschen eine neue Freiheit erwachsen wird. Freiheit von Zw\u00e4ngen, Freiheit von Krediten, von Konzernen und f\u00fcr diese in die Taschen arbeitenden Politik.<br \/>\n<\/span><\/p>\n<p style=\"text-align: justify;\"><span style=\"font-family: arial, helvetica, sans-serif;\">Im <a href=\"http:\/\/dejure.org\/gesetze\/GG\/5.html\" target=\"_blank\" rel=\"noopener noreferrer\">Artikel 5<\/a> Absatz 5 des Grundgesetzes, unserer obersten Norm ist beschrieben: <\/span><\/p>\n<p style=\"text-align: justify;\"><span style=\"font-family: arial, helvetica, sans-serif;\"><strong>Zitat:<\/strong><\/span><\/p>\n<p style=\"text-align: justify;\"><em><span style=\"color: #000000; font-family: arial, helvetica, sans-serif;\">(3) Kunst und Wissenschaft, Forschung und Lehre sind frei. Die Freiheit der Lehre entbindet nicht von der Treue zur Verfassung. <\/span><\/em><\/p>\n<p style=\"text-align: justify;\"><span style=\"color: #000000; font-family: arial, helvetica, sans-serif;\"><strong>Zitat Ende<\/strong><\/span><\/p>\n<p style=\"text-align: justify;\"><span style=\"font-family: arial, helvetica, sans-serif;\"><br \/>\nDieser Grundsatz wird immer wieder durch aktive Blockierung und durch Nichtfinanzierung verletzt. Uns liegen krasse Beispiele daf\u00fcr vor, da\u00df man diese Forschung aktiv behindern will. Einer unserer derzeit besten Physiker, wird erheblich wegen seiner privaten Forschung diffamiert und als BWL Dozent &#8222;kalt gestellt&#8220;. <\/span><\/p>\n<p style=\"text-align: justify;\"><span style=\"font-family: arial, helvetica, sans-serif;\">Der Verein sieht sich als Lobby f\u00fcr jene Wissenschaftler, welche der Finanzierung der politik- und industriegesteuerten Institute ausgeliefert sind. Das mu\u00df anders werden und so gab es diese Vereinsgr\u00fcndung welche dieses Defizit in der Zukunft mit der Hilfe aller<\/span><span style=\"font-family: arial, helvetica, sans-serif;\"> Interessierten beheben wird<\/span><span style=\"font-family: arial, helvetica, sans-serif;\">, deren Anliegen es ist, da\u00df dieser Mi\u00dfstand endlich behoben wird..<\/span><\/p>\n<p style=\"text-align: justify;\"><span style=\"font-family: arial, helvetica, sans-serif;\">Gr\u00fcndungsmitglieder des Vereins arbeiten seit l\u00e4ngerer Zeit bereits mit Prof. Dr. Claus Turtur (Physiker) zusammen. Auch Prof. Dr. Turtur hat seinerseits das Opensourcekonzept genutzt und mittlerweile alle seine Arbeiten der Erforschung von Raumenergie ins Netz gestellt. Er ist immer wieder Anfeindungen aus der eigenen Zunft ausgesetzt.<br \/>\n<\/span><\/p>\n<p style=\"text-align: justify;\"><span style=\"font-family: arial, helvetica, sans-serif;\">Wir werden mit diesem <\/span><span style=\"font-family: arial, helvetica, sans-serif;\">noch <\/span><span style=\"font-family: arial, helvetica, sans-serif;\">in die Gemeinn\u00fctzigkeit zu \u00fcberf\u00fchrenden Verein ein Hafen f\u00fcr all jene Forscher und T\u00fcftler sein, deren Intension und freie Forschung der freien und unbehinderten Energienutzung und -erzeugung dient. Anzumerken ist, da\u00df die derzeitige Physik ihre Lehren (z.B. den Energieerhaltungssatz) auf einem geschlossenem System begr\u00fcndet (siehe Vortrag Nassim Haramein). <\/span><\/p>\n<p style=\"text-align: justify;\"><span style=\"font-family: arial, helvetica, sans-serif;\">Die Protagonisten der Erforschung der Raumenergie versuchen also nicht das Perpetuum Mobile zu erfinden (wie ihnen oft nachgesagt wird) sondern sie versuchen die nat\u00fcrliche, im Raum und im \u00dcberflu\u00df vorhandene, von Prof. Dr. Claus Turtur inzwischen nachgewiesene und berechnete Energie abzugreifen, welche sich aus dem offenen System abziehen lassen soll.<\/span><\/p>\n<p style=\"text-align: justify;\"><span style=\"font-family: arial, helvetica, sans-serif;\">Der Verein wird auch Netzwerk aller an dieser Forschung beteiligten Wissenschaftler sein, deren Hafen in der etablierten &#8222;Wissenschaft&#8220; bereits abgebrannt ist. Der Verein agiert weltweit und mehrere Gr\u00fcndungsmitglieder haben bereits zahlreiche Opensourcekontakte in \u00dcbersee gekn\u00fcpft.<\/span><\/p>\n<p><span style=\"font-family: arial, helvetica, sans-serif;\">Jeder kann im <a href=\"http:\/\/visionblueenergy.net\" target=\"_blank\" rel=\"noopener noreferrer\">Verein<\/a> Mitglied werden. <\/span><\/p>\n<p style=\"text-align: justify;\"><strong><span style=\"font-family: arial, helvetica, sans-serif;\">Aufnahmeantr\u00e4ge f\u00fcr den Verein bitte an<\/span><\/strong>:<\/p>\n<p><a href=\"mailto:info@visionblueenergy.net\"><span style=\"font-family: arial, helvetica, sans-serif;\">info@visionblueenergy.net<\/span><\/a><\/p>\n<p style=\"text-align: justify;\"><strong><span style=\"font-family: arial, helvetica, sans-serif;\">notwendige Angaben sind:<\/span><\/strong><br id=\".reactRoot[3].[1][2][1]{comment531144423579984_531310373563389}..[1]..[1]..[0].[0][2]..[5]\" \/><span style=\"font-family: arial, helvetica, sans-serif;\">Name, Vorname<\/span><br id=\".reactRoot[3].[1][2][1]{comment531144423579984_531310373563389}..[1]..[1]..[0].[0][2]..[7]\" \/><span style=\"font-family: arial, helvetica, sans-serif;\">Geburtsdatum<\/span><br id=\".reactRoot[3].[1][2][1]{comment531144423579984_531310373563389}..[1]..[1]..[0].[0][2]..[9]\" \/><span style=\"font-family: arial, helvetica, sans-serif;\">Anschrift<\/span><br id=\".reactRoot[3].[1][2][1]{comment531144423579984_531310373563389}..[1]..[1]..[0].[0][2]..[11]\" \/><span style=\"font-family: arial, helvetica, sans-serif;\">E-Mail<\/span><br id=\".reactRoot[3].[1][2][1]{comment531144423579984_531310373563389}..[1]..[1]..[0].[0][2]..[13]\" \/><span style=\"font-family: arial, helvetica, sans-serif;\">Erkl\u00e4rung, da\u00df der Antragssteller den Vereinszweck und die Ziele des Vereins anerkennt und nicht gem. \u00a7 7 Abs. 2 der Vereinssatzung von der Mitgliedschaft im Verein ausgeschlossen ist.<\/span><br id=\".reactRoot[3].[1][2][1]{comment531144423579984_531310373563389}..[1]..[1]..[0].[0][2]..[15]\" \/><br id=\".reactRoot[3].[1][2][1]{comment531144423579984_531310373563389}..[1]..[1]..[0].[0][2]..[16]\" \/><span style=\"font-family: arial, helvetica, sans-serif;\">Die Daten unterliegen dem Datenschutzrecht der Bundesrepublik Deutschland und werden selbstverst\u00e4ndlich vertraulich behandelt.<\/span><\/p>\n<p style=\"text-align: justify;\"><br id=\".reactRoot[3].[1][2][1]{comment531144423579984_531310373563389}..[1]..[1]..[0].[0][2]..[18]\" \/><span style=\"font-family: arial, helvetica, sans-serif;\">\u00dcber die Aufnahmeantr\u00e4ge wird vom Vorstand entschieden, so bald der Verein im Vereinsregister eingetragen ist. Wir, der Vorstand bitten daher um ein wenig Geduld.<\/span><\/p>\n<p><span style=\"font-family: arial, helvetica, sans-serif;\"><a href=\"http:\/\/netzwerkvolksentscheid.de\/wp-content\/uploads\/2012\/10\/vision-blue-energy-satzung-20-10-2012-o.-u..pdf\">Vision Blue Energy Vereinssatzung, 20.10.2012<\/a><\/span><\/p>\n<p style=\"text-align: justify;\"><span style=\"font-family: arial, helvetica, sans-serif;\"> In den Mitgliedschaftsbedingungen wurde aus Sicherheitsgr\u00fcnden der Wahrung des Opensourceprinzips eine Ausschlu\u00dfklausel eingebaut, damit Entwicklungen des Vereins nicht in irgend einer Schublade von b\u00f6rsenorientierten Unternehmen verstauben\/verschwinden k\u00f6nnen.<\/span><\/p>\n<p style=\"text-align: justify;\"><span style=\"font-family: arial, helvetica, sans-serif;\">Zudem gibt es eine Klausel (\u00a7 3 &#8211; Zweck des Vereins, Absatz 5), welche gem\u00e4\u00df der im Grundgesetz bew\u00e4hrten Ewigkeitsgarantie (Artikel 79.3 GG) das Grundanliegen des Vereins sch\u00fctzen wird.<\/span><\/p>\n<p style=\"text-align: justify;\"><span style=\"font-family: arial, helvetica, sans-serif;\">F\u00f6rdermitglied ohne Stimmrecht kann jeder werden, auch b\u00f6rsenorientierte Unternehmen. Die selbstbestimmte Beitragsh\u00f6he ist dort unbegrenzt.<br \/>\n<\/span><\/p>\n<p style=\"text-align: justify;\">Die Beitragsordnung<span style=\"font-family: arial, helvetica, sans-serif;\"> des Vereins, \u00fcbernommen aus dem Gr\u00fcndungsprotokoll:<\/span><strong><br \/>\n<\/strong><\/p>\n<p style=\"text-align: justify;\"><strong><span style=\"font-family: arial, helvetica, sans-serif;\">Zitat: <em>Beitragsordnung des Vereins<\/em><\/span><br id=\".reactRoot[1].[1][2][1]{comment531790470182046_531847043509722}..[1]..[1]..[0].[0][2]..[11]\" \/><em><span style=\"font-family: arial, helvetica, sans-serif;\">Vision Blue Energy &#8211; Verein zur F\u00f6rderung freier Energietechnologien<\/span><\/em><br id=\".reactRoot[1].[1][2][1]{comment531790470182046_531847043509722}..[1]..[1]..[0].[0][2]..[13]\" \/><br id=\".reactRoot[1].[1][2][1]{comment531790470182046_531847043509722}..[1]..[1]..[0].[0][2]..[14]\" \/><\/strong><em><span style=\"font-family: arial, helvetica, sans-serif;\">\u00a7 1 <\/span><\/em><br id=\".reactRoot[1].[1][2][1]{comment531790470182046_531847043509722}..[1]..[1]..[0].[0][2]..[16]\" \/><em><span style=\"font-family: arial, helvetica, sans-serif;\">Nat\u00fcrliche Personen zahlen einen monatlichen Mindestbeitrag von 10 EUR. Abweichende Beitragss\u00e4tze werden in \u00a7 2 geregelt.<\/span><\/em><br id=\".reactRoot[1].[1][2][1]{comment531790470182046_531847043509722}..[1]..[1]..[0].[0][2]..[18]\" \/><br id=\".reactRoot[1].[1][2][1]{comment531790470182046_531847043509722}..[1]..[1]..[0].[0][2]..[19]\" \/><em><span style=\"font-family: arial, helvetica, sans-serif;\">\u00a7 2<\/span><\/em><br id=\".reactRoot[1].[1][2][1]{comment531790470182046_531847043509722}..[1]..[1]..[0].[0][2]..[21]\" \/><em><span style=\"font-family: arial, helvetica, sans-serif;\">Erwerblose, geringf\u00fcgig Besch\u00e4ftigte, Studenten, Rentner und Sch\u00fcler zahlen einen monatlichen Beitrag von 2 EUR.<\/span><\/em><br id=\".reactRoot[1].[1][2][1]{comment531790470182046_531847043509722}..[1]..[1]..[0].[0][2]..[23]\" \/><br id=\".reactRoot[1].[1][2][1]{comment531790470182046_531847043509722}..[1]..[1]..[0].[0][2]..[24]\" \/><em><span style=\"font-family: arial, helvetica, sans-serif;\">\u00a7 3<\/span><\/em><br id=\".reactRoot[1].[1][2][1]{comment531790470182046_531847043509722}..[1]..[1]..[0].[0][2]..[26]\" \/><em><span style=\"font-family: arial, helvetica, sans-serif;\">Juristische Personen (Firmen Anm. Verf.) zahlen einen monatlichen Beitrag von 25 EUR.<\/span><\/em><br id=\".reactRoot[1].[1][2][1]{comment531790470182046_531847043509722}..[1]..[1]..[0].[0][2]..[28]\" \/><br id=\".reactRoot[1].[1][2][1]{comment531790470182046_531847043509722}..[1]..[1]..[0].[0][2]..[29]\" \/><em><span style=\"font-family: arial, helvetica, sans-serif;\">\u00a7 4<\/span><\/em><br id=\".reactRoot[1].[1][2][1]{comment531790470182046_531847043509722}..[1]..[1]..[0].[0][2]..[31]\" \/><em><span style=\"font-family: arial, helvetica, sans-serif;\">Der Jahresbeitrag, welcher sich aus der Summe der monatlichen Beitr\u00e4ge gem\u00e4\u00df der \u00a7\u00a7 1 bis 3 ergibt ist jeweils zum 15. Februar eines jeden Jahres auf ein vom Vorstand f\u00fcr den Verein einzurichtendes Bankkonto, welches den Vereinsmitgliedern bekanntgegeben wird, einzuzahlen.<\/span><\/em><\/p>\n<p style=\"text-align: justify;\"><span style=\"font-family: arial, helvetica, sans-serif;\"><strong>Zitat Ende<\/strong><\/span><\/p>\n<p style=\"text-align: justify;\"><span style=\"font-family: arial, helvetica, sans-serif;\">Die Vereinsarbeit baut auf die direkte Mitarbeit aller Interessierten an Projekten, auf Sachzuwendungen und Geldspenden, damit man endlich den Durchbruch zur Durchsetzung von freier und wirtschaftlich arbeitender Energietechnik bewerkstelligen wird. Bereits arbeitende Entwicklerteams welche sich dem Vereinszweck anschlie\u00dfen wollen, d\u00fcrfen gern Mitglied dieses Vereines sein.<\/span><\/p>\n<p style=\"text-align: justify;\"><span style=\"font-family: arial, helvetica, sans-serif;\">Hier der Vortrag von Prof. Dr. Claus Turtur, welchen der 2. Vorsitzende des Vereins Vision Blue Energy bei Tarek Al-Ubaidi<\/span><span style=\"font-family: arial, helvetica, sans-serif;\"> von <a href=\"http:\/\/cropfm.at\/cropfm\/jsp\/index.jsp\" target=\"_blank\" rel=\"noopener noreferrer\">CropfFM<\/a> bereits vor 5 Monaten in die Wege geleitet und vorbereitet hat. <\/span><\/p>\n<p style=\"text-align: justify;\"><span style=\"font-family: arial, helvetica, sans-serif;\">Prof Dr. Claus Turtur geht in seinem Beitrag auch auf andere Wissenschaftler und bereits existierende Patente ein. Weitere interessante Vortr\u00e4ge und Arbeiten findet man von ihm im Netz.<br \/>\n<span class=\"embed-youtube\" style=\"text-align:center; display: block;\"><iframe loading=\"lazy\" class=\"youtube-player\" width=\"810\" height=\"456\" src=\"https:\/\/www.youtube.com\/embed\/z9QB-4mlyEo?version=3&#038;rel=1&#038;showsearch=0&#038;showinfo=1&#038;iv_load_policy=1&#038;fs=1&#038;hl=de-DE&#038;autohide=2&#038;wmode=transparent\" allowfullscreen=\"true\" style=\"border:0;\" sandbox=\"allow-scripts allow-same-origin allow-popups allow-presentation allow-popups-to-escape-sandbox\"><\/iframe><\/span> <\/span><\/p>\n<p style=\"text-align: justify;\"><span style=\"font-family: arial, helvetica, sans-serif;\">Die Webpr\u00e4senz des Vereins Vision Blue Energy e.V. ist \u00fcber folgende Adresse zu erreichen:<\/span><\/p>\n<p><a href=\"http:\/\/visionblueenergy.net\/\"><span style=\"font-family: arial, helvetica, sans-serif;\">http:\/\/visionblueenergy.net<\/span><\/a><\/p>\n<p style=\"text-align: justify;\"><strong style=\"font-size: 14px; line-height: 1.5em;\">Nachtrag:<\/strong><\/p>\n<p>Der Verein wurde unter der Vereinsregisternummer VR 776 am 23.01.2013 in das Vereinsregister beim Amtsgericht Bad Salzungen eingetragen. Damit ist der Verein seit dem 24.01.2013 rechtsf\u00e4hig.<\/p>\n<div>\n<p style=\"text-align: justify;\"><strong>SPENDEN:\u00a0<\/strong><\/p>\n<\/div>\n<div>\n<p style=\"text-align: justify;\"><a href=\"http:\/\/visionblueenergy.files.wordpress.com\/2013\/02\/deine-spende-1000.jpg\" target=\"_blank\" rel=\"noopener noreferrer\"><img data-recalc-dims=\"1\" loading=\"lazy\" decoding=\"async\" class=\"aligncenter size-full wp-image-437\" src=\"http:\/\/visionblueenergy.files.wordpress.com\/2013\/02\/deine-spende-450png.png?resize=450%2C450\" alt=\"Deine-Spende-450PNG\" width=\"450\" height=\"450\" \/><\/a><\/p>\n<p style=\"text-align: justify;\"><span style=\"text-align: justify;\">Glaube nicht alles was man dir wei\u00df machen will &#8230; sie wollen dich an der Leine behalten, an der Energieleine! <\/span><a style=\"text-align: justify;\" href=\"http:\/\/en.wikipedia.org\/wiki\/List_of_Nikola_Tesla_patents\" target=\"_blank\" rel=\"noopener noreferrer\">Nicola Tesla hat mit seinen genialen Erfindungen <\/a><span style=\"text-align: justify;\">bewiesen, dass die \u00c4thernergie (=Raumenergie) nutzbar ist! Wir wandeln nun auf seinen Spuren und holen das aus den Schr\u00e4nken, was von denen ganz weit weggeschlossen wurde, denen Energiefreiheit ein Grauen ist! Du kannst helfen, in dem du dein Denken einschaltest und denen hilfst, die der freien Energie zum Durchbruch verhelfen wollen. Jeder Euro z\u00e4hlt, ansonsten z\u00e4hlt nur dein Stromz\u00e4hler!!! \u00a0\u00a0<\/span><\/p>\n<\/div>\n<p style=\"text-align: justify;\">Unser Verein lebt von deiner Unterst\u00fctzung. Entweder als Mitglied, F\u00f6rdermitglied oder einfach nur Spender. Wie sich in der Vergangenheit zeigte, wird die Entwicklung freier Energietechnologien immer wieder torpediert. F\u00fcr derartige Entwicklungs- und Forschungsprojekte werden keine staatlichen F\u00f6rderungen vorgenommen, werden keine Forschungen an \u00f6ffentlichen Bildungseinrichtungen finanziert. Das mag dem allgemeinen Aberglauben anh\u00e4ngen, dass es ein sogenanntes Perpetuum Mobile (PM) nicht geben kann. \u00a0Ein solches gibt es tats\u00e4chlich nicht, denn ein PM geht immer von einem geschlossenen Energiekreislauf aus. Dieser kommt aber in der Natur nicht vor, weil es keine geschlossenen Systeme gibt. Die Raumenergie durchdringt alle Medien und Materialien und kann daher niemals abgegrenzt werden. Unser Anliegen liegt darin, dass wir alle Naturprozesse offen betrachten und nicht an Lehrmeinungen kleben bleiben. Es gibt erstaunliche Ans\u00e4tze, die es zu vertiefen und weiter zu verfolgen gilt. Zum Beispiel haben einige unserer Vereinsmitglieder herausgefunden, dass man einen Autoakkumulator (gemeinhin Autobatterie genannt) mit einer Alaunkristall-Salz-Wasser-Mischung statt mit Schwefels\u00e4ure bef\u00fcllen muss, einmal aufladen (programmieren) und dieser Akku wird sich nach dem Entladen fortan wieder bis zu einem bestimmten Ladestand selbst aufladen. Mancher mag jetzt sagen, dass dies unm\u00f6glich sei; unsere Experimente zeigen jedoch, dass es real ist. Unsere Bastler und T\u00fcftler werden des \u00d6fteren als Spinner bezeichnet. Aber das st\u00f6rt sie nicht, denn sie wissen was sie wissen und sehen was sie sehen. \u00a0Die durchgef\u00fchrten Experimente sind erste Ans\u00e4tze, ihre Vertiefung erfordert finanzielle Mittel, denn alle Materialien kosten Geld. Unser Verein lebt das Open Source Prinzip und das bedeutet, dass wir alle Projekte mit Planungen und Konstruktionszeichnungen und dergleichen ver\u00f6ffentlichen. Daher kann man als Spender auch verfolgen, was da so mit dem Spendengeld gemacht wird.<\/p>\n<p style=\"text-align: justify;\">Spenden gegen steuerlich absetzbare Spendenquittung (ab 20 EUR) kannst du &#8230;<br \/>\n1. durch Einzahlung auf das Konto des Vision Blue F\u00f6rderverein e.V. Eisenach (VR 937)<\/p>\n<p>WARTBURG-SPARKASSE<br \/>\nBIC:\u00a0HELADEF1WAK<br \/>\nIBAN: \u00a0DE0484055050 0012023973<br \/>\nBLZ: 84055050<br \/>\nKONTO: 12023973<\/p>\n<p style=\"text-align: justify;\">Verwendungszweck: Spende f\u00fcr Freie Energie Technologien<\/p>\n<p style=\"text-align: justify;\">2. durch Anweisung \u00fcber dein PayPal Konto an &#8230;<br \/>\nVBEVEREIN@GMAIL.COM<\/p>\n<p style=\"text-align: justify;\"><span style=\"font-size: 14px; line-height: 1.5em;\">Nachfolgend einige Videos unserer Aktivit\u00e4ten:<\/span><\/p>\n<p style=\"text-align: justify;\"><span class=\"embed-youtube\" style=\"text-align:center; display: block;\"><iframe loading=\"lazy\" class=\"youtube-player\" width=\"810\" height=\"456\" src=\"https:\/\/www.youtube.com\/embed\/TqOBNW9GB8s?version=3&#038;rel=1&#038;showsearch=0&#038;showinfo=1&#038;iv_load_policy=1&#038;fs=1&#038;hl=de-DE&#038;autohide=2&#038;wmode=transparent\" allowfullscreen=\"true\" style=\"border:0;\" sandbox=\"allow-scripts allow-same-origin allow-popups allow-presentation allow-popups-to-escape-sandbox\"><\/iframe><\/span><br \/>\n<span class=\"embed-youtube\" style=\"text-align:center; display: block;\"><iframe loading=\"lazy\" class=\"youtube-player\" width=\"810\" height=\"456\" src=\"https:\/\/www.youtube.com\/embed\/Kt1wtwI4hM8?version=3&#038;rel=1&#038;showsearch=0&#038;showinfo=1&#038;iv_load_policy=1&#038;fs=1&#038;hl=de-DE&#038;autohide=2&#038;wmode=transparent\" allowfullscreen=\"true\" style=\"border:0;\" sandbox=\"allow-scripts allow-same-origin allow-popups allow-presentation allow-popups-to-escape-sandbox\"><\/iframe><\/span><br \/>\n<span class=\"embed-youtube\" style=\"text-align:center; display: block;\"><iframe loading=\"lazy\" class=\"youtube-player\" width=\"810\" height=\"456\" src=\"https:\/\/www.youtube.com\/embed\/RzcN6pNwJfE?version=3&#038;rel=1&#038;showsearch=0&#038;showinfo=1&#038;iv_load_policy=1&#038;fs=1&#038;hl=de-DE&#038;autohide=2&#038;wmode=transparent\" allowfullscreen=\"true\" style=\"border:0;\" sandbox=\"allow-scripts allow-same-origin allow-popups allow-presentation allow-popups-to-escape-sandbox\"><\/iframe><\/span><br \/>\n<span class=\"embed-youtube\" style=\"text-align:center; display: block;\"><iframe loading=\"lazy\" class=\"youtube-player\" width=\"810\" height=\"456\" src=\"https:\/\/www.youtube.com\/embed\/JPh-tvCKv0Q?version=3&#038;rel=1&#038;showsearch=0&#038;showinfo=1&#038;iv_load_policy=1&#038;fs=1&#038;hl=de-DE&#038;autohide=2&#038;wmode=transparent\" allowfullscreen=\"true\" style=\"border:0;\" sandbox=\"allow-scripts allow-same-origin allow-popups allow-presentation allow-popups-to-escape-sandbox\"><\/iframe><\/span><\/p>\n","protected":false},"excerpt":{"rendered":"<p>Vision Blue Energy e.V. Am 20.10.2012 wurde in der Gemarkung Trusetal auf der Hohe Klinge, mitten im Herzen Th\u00fcringens bei strahlendem Sonnenschein, also &#8222;\u00fcber den Wolken&#8220; und an den wohl letzten warmen goldenen Herbsttagen ein neuer und wichtiger Verein begr\u00fcndet. Anwesend waren 9 Gr\u00fcndungsmitglieder. Sie beschlossen die Satzung, in der der Vereinszweck eine zentrale Bedeutung erfuhr. Zitat aus der Satzung Vereinszweck \u00a7 3: (2) Zweck des Vereins ist die F\u00f6rderung von Wissenschaft und Forschung auf<\/p>\n","protected":false},"author":1,"featured_media":0,"parent":0,"menu_order":0,"comment_status":"open","ping_status":"open","template":"","meta":{"jetpack_post_was_ever_published":false,"footnotes":""},"class_list":["post-2072","page","type-page","status-publish","hentry"],"jetpack_sharing_enabled":true,"jetpack_shortlink":"https:\/\/wp.me\/PaoLFj-xq","_links":{"self":[{"href":"https:\/\/visionblue.info\/index.php?rest_route=\/wp\/v2\/pages\/2072","targetHints":{"allow":["GET"]}}],"collection":[{"href":"https:\/\/visionblue.info\/index.php?rest_route=\/wp\/v2\/pages"}],"about":[{"href":"https:\/\/visionblue.info\/index.php?rest_route=\/wp\/v2\/types\/page"}],"author":[{"embeddable":true,"href":"https:\/\/visionblue.info\/index.php?rest_route=\/wp\/v2\/users\/1"}],"replies":[{"embeddable":true,"href":"https:\/\/visionblue.info\/index.php?rest_route=%2Fwp%2Fv2%2Fcomments&post=2072"}],"version-history":[{"count":9,"href":"https:\/\/visionblue.info\/index.php?rest_route=\/wp\/v2\/pages\/2072\/revisions"}],"predecessor-version":[{"id":5785,"href":"https:\/\/visionblue.info\/index.php?rest_route=\/wp\/v2\/pages\/2072\/revisions\/5785"}],"wp:attachment":[{"href":"https:\/\/visionblue.info\/index.php?rest_route=%2Fwp%2Fv2%2Fmedia&parent=2072"}],"curies":[{"name":"wp","href":"https:\/\/api.w.org\/{rel}","templated":true}]}}