{"id":221,"date":"2008-03-07T14:32:01","date_gmt":"2008-03-07T14:32:01","guid":{"rendered":"http:\/\/visionblue.wordpress.com\/about\/"},"modified":"2021-02-09T16:31:45","modified_gmt":"2021-02-09T16:31:45","slug":"about","status":"publish","type":"page","link":"https:\/\/visionblue.info\/?page_id=221","title":{"rendered":"About"},"content":{"rendered":"<p><img data-recalc-dims=\"1\" loading=\"lazy\" decoding=\"async\" class=\"alignnone wp-image-4884\" src=\"https:\/\/i0.wp.com\/visionblue.info\/wp-content\/uploads\/2018\/11\/VB-Logo2.jpg?resize=810%2C97&#038;ssl=1\" alt=\"\" width=\"810\" height=\"97\" srcset=\"https:\/\/i0.wp.com\/visionblue.info\/wp-content\/uploads\/2018\/11\/VB-Logo2.jpg?resize=300%2C36&amp;ssl=1 300w, https:\/\/i0.wp.com\/visionblue.info\/wp-content\/uploads\/2018\/11\/VB-Logo2.jpg?resize=768%2C91&amp;ssl=1 768w, https:\/\/i0.wp.com\/visionblue.info\/wp-content\/uploads\/2018\/11\/VB-Logo2.jpg?w=1620&amp;ssl=1 1620w, https:\/\/i0.wp.com\/visionblue.info\/wp-content\/uploads\/2018\/11\/VB-Logo2.jpg?w=2430&amp;ssl=1 2430w\" sizes=\"auto, (max-width: 810px) 100vw, 810px\" \/><br \/>\nJens Vogler aka <strong>VisionBlue<\/strong><br \/>\n<strong>Vita:<br \/>\n<\/strong>&#8211; Geboren am 02.12.1964 in Arnstadt, damals DDR<br \/>\n&#8211; Abitur 1983<br \/>\n&#8211; Jurastudium 1986 bis 1990<br \/>\n&#8211; Referendariat 1990 bis 1993<br \/>\n&#8211; Rechtsanwalt 1993 bis 1994<br \/>\n&#8211; seit Ende 1994 T\u00e4tigkeit in einer \u00f6ffentlichen Verwaltung<br \/>\n<strong>Ehren\u00e4mter:<\/strong><br \/>\n&#8211; Sch\u00f6ffe beim Landgericht Stendal 2010 &#8211; 2018<br \/>\n&#8211; 1. Vorsitzender des Vereins <em>Vision Blue Energy &#8211; Verein zur F\u00f6rderung freier Energietechnologien\u00a0<span style=\"font-size: 14pt;\">e.V.\u00a0Bad Liebenstein\u00a0seit 20.10.2012<\/span><\/em><\/p>\n<p style=\"text-align: justify;\"><strong>Familienstand:<\/strong><br \/>\n&#8211; verheiratet<br \/>\n&#8211; 1 Sohn (26 Jahre)<\/p>\n<p style=\"text-align: justify;\"><strong>Interessen:<\/strong><br \/>\n&#8211; Computergrafik, Fotografie<br \/>\n&#8211; B\u00fccher lesen und schreiben<br \/>\n&#8211; Sport (Joggen), vormals Kampfsport 2005 bis 2008 Shotokan-Karate<br \/>\n&#8211; Mysterien und Ph\u00e4nomene erforschen<br \/>\n&#8211; Internet (Blogseite)<br \/>\n&#8211; Reiki, Numerologie, Traumdeutung, Meditation<\/p>\n<p style=\"text-align: justify;\"><strong>Wohnort:<\/strong> <a title=\"Homepage der Stadt Burg\" href=\"http:\/\/www.stadt-burg.de\" target=\"_blank\" rel=\"noopener noreferrer\">Burg bei Magdeburg<\/a><\/p>\n<p style=\"text-align: justify;\"><strong>Kontakt:<\/strong> veruslux at googlemail.com<\/p>\n","protected":false},"excerpt":{"rendered":"<p>Jens Vogler aka VisionBlue Vita: &#8211; Geboren am 02.12.1964 in Arnstadt, damals DDR &#8211; Abitur 1983 &#8211; Jurastudium 1986 bis 1990 &#8211; Referendariat 1990 bis 1993 &#8211; Rechtsanwalt 1993 bis 1994 &#8211; seit Ende 1994 T\u00e4tigkeit in einer \u00f6ffentlichen Verwaltung Ehren\u00e4mter: &#8211; Sch\u00f6ffe beim Landgericht Stendal 2010 &#8211; 2018 &#8211; 1. Vorsitzender des Vereins Vision Blue Energy &#8211; Verein zur F\u00f6rderung freier Energietechnologien\u00a0e.V.\u00a0Bad Liebenstein\u00a0seit 20.10.2012 Familienstand: &#8211; verheiratet &#8211; 1 Sohn (26 Jahre) Interessen: &#8211;<\/p>\n","protected":false},"author":1,"featured_media":0,"parent":0,"menu_order":0,"comment_status":"open","ping_status":"open","template":"","meta":{"jetpack_post_was_ever_published":false,"footnotes":""},"class_list":["post-221","page","type-page","status-publish","hentry"],"jetpack_sharing_enabled":true,"jetpack_shortlink":"https:\/\/wp.me\/PaoLFj-3z","_links":{"self":[{"href":"https:\/\/visionblue.info\/index.php?rest_route=\/wp\/v2\/pages\/221","targetHints":{"allow":["GET"]}}],"collection":[{"href":"https:\/\/visionblue.info\/index.php?rest_route=\/wp\/v2\/pages"}],"about":[{"href":"https:\/\/visionblue.info\/index.php?rest_route=\/wp\/v2\/types\/page"}],"author":[{"embeddable":true,"href":"https:\/\/visionblue.info\/index.php?rest_route=\/wp\/v2\/users\/1"}],"replies":[{"embeddable":true,"href":"https:\/\/visionblue.info\/index.php?rest_route=%2Fwp%2Fv2%2Fcomments&post=221"}],"version-history":[{"count":6,"href":"https:\/\/visionblue.info\/index.php?rest_route=\/wp\/v2\/pages\/221\/revisions"}],"predecessor-version":[{"id":5787,"href":"https:\/\/visionblue.info\/index.php?rest_route=\/wp\/v2\/pages\/221\/revisions\/5787"}],"wp:attachment":[{"href":"https:\/\/visionblue.info\/index.php?rest_route=%2Fwp%2Fv2%2Fmedia&parent=221"}],"curies":[{"name":"wp","href":"https:\/\/api.w.org\/{rel}","templated":true}]}}