{"id":43,"date":"2006-09-27T12:51:26","date_gmt":"2006-09-27T12:51:26","guid":{"rendered":"http:\/\/visionblue.wordpress.com\/blogvision\/"},"modified":"2021-12-19T18:40:33","modified_gmt":"2021-12-19T18:40:33","slug":"blogvision","status":"publish","type":"page","link":"https:\/\/visionblue.info\/?page_id=43","title":{"rendered":"BlogVision"},"content":{"rendered":"<figure id=\"attachment_4351\" aria-describedby=\"caption-attachment-4351\" style=\"width: 2700px\" class=\"wp-caption alignnone\"><img data-recalc-dims=\"1\" loading=\"lazy\" decoding=\"async\" class=\"wp-image-4351 size-full\" src=\"https:\/\/i0.wp.com\/visionblue.info\/wp-content\/uploads\/2018\/10\/behindthewalls2700x2025.jpg?resize=810%2C608&#038;ssl=1\" alt=\"\" width=\"810\" height=\"608\" srcset=\"https:\/\/i0.wp.com\/visionblue.info\/wp-content\/uploads\/2018\/10\/behindthewalls2700x2025.jpg?w=2700&amp;ssl=1 2700w, https:\/\/i0.wp.com\/visionblue.info\/wp-content\/uploads\/2018\/10\/behindthewalls2700x2025.jpg?resize=300%2C225&amp;ssl=1 300w, https:\/\/i0.wp.com\/visionblue.info\/wp-content\/uploads\/2018\/10\/behindthewalls2700x2025.jpg?resize=768%2C576&amp;ssl=1 768w, https:\/\/i0.wp.com\/visionblue.info\/wp-content\/uploads\/2018\/10\/behindthewalls2700x2025.jpg?resize=1024%2C768&amp;ssl=1 1024w, https:\/\/i0.wp.com\/visionblue.info\/wp-content\/uploads\/2018\/10\/behindthewalls2700x2025.jpg?resize=880%2C660&amp;ssl=1 880w, https:\/\/i0.wp.com\/visionblue.info\/wp-content\/uploads\/2018\/10\/behindthewalls2700x2025.jpg?w=1620&amp;ssl=1 1620w, https:\/\/i0.wp.com\/visionblue.info\/wp-content\/uploads\/2018\/10\/behindthewalls2700x2025.jpg?w=2430&amp;ssl=1 2430w\" sizes=\"auto, (max-width: 810px) 100vw, 810px\" \/><figcaption id=\"caption-attachment-4351\" class=\"wp-caption-text\">Behind the walls<\/figcaption><\/figure>\n<p align=\"justify\">Der geneigte Leser wird vielleicht wissen wollen, was soll dieser Blog und was bedeutet das Motto: &#8222;Die Welt ist keine Scheibe?&#8220; F\u00fcr die Verdeutlichung meiner Gedankeng\u00e4nge zur Ver\u00f6ffentlichung bestimmter Erkenntnisse greife ich mal auf die nebenstehende Illustration zur\u00fcck. Ich habe dieses Bild mit dem Titel &#8222;Behind the Walls&#8220; geschaffen um zu versinnbildlichen, dass wir tagt\u00e4glich vor etlichen Mauern stehen und zum Kern der Sache, zum Kern der Erkenntnis, zum Kern des Glaubens, wie auch immer, gar nicht vordringen k\u00f6nnen. Diese Mauern, welche sich da aufb\u00e4umen, bauen wir selbst. Wir bauen sie durch bornierte, kleingeistige, kurzsichtige Engstirnigkeit durch das vorbehaltlose dauerhafte Fahren in eingefahrenen Gleisen welche vom Mantel der Tradition und Moral eingeh\u00fcllt werden. Wir merken nicht, dass wir die Mauern nicht \u00fcberwinden, sondern diese nur umkreisen. Das\u00a0war fr\u00fcher so und es ist es heute noch.<\/p>\n<p align=\"justify\">Ich komme zu meinem Motto: &#8222;Die Welt ist keine Scheibe!&#8220;. Wir erinnern uns an das\u00a0Mittelalter und die\u00a0Kirchenlehre, welche das &#8222;unumst\u00f6\u00dfliche&#8220; Dogma beinhaltete, dass die Erde eine Scheibe sei und sich die Sonne um die Erde drehen w\u00fcrde. Aus heutiger Sicht wissen wir, dass dieser Glaube (welcher damals von den Menschen im Einflussbereich der\u00a0christlichen Kirche reflektiert wurde) falsch war. Wir wissen es einfach besser, denn wir haben die Erde als Kugel aus dem Weltall gesehen und k\u00f6nnen die Laufbahnen der Planeten um die Sonne genau verfolgen und berechnen. Hinsichtlich der Tatsache das die Welt keine Scheibe ist sagen wir heute: &#8222;Mann was waren die damals unwissend!&#8220;\u00a0 Wir sollten uns aber h\u00fcten, diese Arroganz zu pflegen und zu vertiefen, denn wir haben zwar seit dem Mittelalter eins, zwei Mauern \u00fcberwunden, befinden uns aber in Bezug auf den Kern immer noch Lichtjahre entfernt. Das h\u00e4ngt einfach damit zusammen, dass wir uns selbst mit sogenannten Wertvorstellungen und Gesetzen (nicht gemeint im Sinne\u00a0von Rechtsvorschriften) einen K\u00e4fig gebaut haben, aus dem wir einfach nicht rauskommen wollen, weil es uns darin so\u00a0vertraut ist. Was ich damit sagen will ist, dass wir bei bestimmten Betrachtungen von Menschen, welche eigene Erfahrungen und Erlebnisse wiedergeben, die nicht in das Bild des naturwissenschaftlichen, materialistischen und atheistischen Denkens passen als abwegig und\u00a0verwirrt darstellen.<\/p>\n<p align=\"justify\">Ich w\u00fcrde mir w\u00fcnschen, dass wir hier ein offeneres Denken an den Tag legen, welches nicht sofort mit einem Abblocken einhergeht was da hei\u00dft, dass etwas\u00a0nicht sein kann, weil es daf\u00fcr keine vern\u00fcnftige Erkl\u00e4rung gibt. Hierbei geht schon die Krux des Fehldenkens damit los, dass\u00a0die Beschreibung des Terminus &#8222;vern\u00fcnftige Erkl\u00e4rung&#8220; immer vom eingeschr\u00e4nkten Denken des Betrachtenden ausgeht. Ich will hier ein Beispiel nennen: Das Ph\u00e4nomen der sogenannten Nahtoderlebnisse ist weithin bekannt. Menschen, welche auf der Kippe zwischen Leben und Tod standen und dem Tode einen bestimmten Zeitraum lang sehr nahe waren, berichten \u00fcber\u00a0Wahrnehmungen und Erlebnisse,\u00a0welche sie auf Grund ihrer k\u00f6rperlichen Verfassung gar nicht gemacht haben k\u00f6nnen. Da berichtet der Autofahrer, der einen schweren Verkehrsunfall hatte, dass er aus seinem K\u00f6rper heraus geschleudert wurde und \u00fcber dem selben schwebte und v\u00f6llig schmerzfrei und klar alle\u00a0Einzelheiten seiner Rettung verfolgen konnte bis hin zum Wortlaut der zwischen den Rettungskr\u00e4ften gewechselten Worte und den Handlungen der beteiligten Personen. Da schildert die\u00a0Herzoperierte, dass sie w\u00e4hrend der schweren OP\u00a0\u00fcber ihrem K\u00f6rper schwebte und\u00a0durch einen\u00a0Tunnel in ein Licht gezogen wurde, wo sie verstorbene Verwandte sah, welche sie wieder zur\u00fcckschickten, weil sie noch nicht dran sei. Derartige Nahtoderfahrenugen wurden\u00a0schon zu Tausenden dokumentiert. Die Betroffenen reden zumeist nicht freiwillig dar\u00fcber, weil sie bef\u00fcrchten, dass ihre Schilderungen als Hirngespinnste abgetan werden. Das ist auch nicht verwunderlich, denn namhafte Mediziner und Biologen bestreiten, dass das Bewusstein des Ichs existieren kann, wenn der menschliche K\u00f6rper\u00a0lebenswichtige Funktionen\u00a0&#8211; zumindest vor\u00fcbergehend &#8211; einstellt. Warum glauben wir nicht einfach den Tausenden von Menschen, welche solche Erlebnisse hatten und schilderten und welche erstaunliche Parallelen, unabh\u00e4ngig von Geschlecht, Alter, Religionszugeh\u00f6rigkeit, Wohnort und Ausl\u00f6sesituation aufweisen?<\/p>\n<p align=\"justify\">Mit dem vorliegenden Blog m\u00f6chte ich einfach einen Beitrag dazu leisten, die Mauern in unseren K\u00f6pfen etwas aufzubrechen. Das klingt jetzt sehr hochtrabend, aber ich selbst habe meine eigene &#8211; vorher betonierte &#8211; Einstellung ge\u00e4ndert und mich f\u00fcr neue Denkans\u00e4tze ge\u00f6ffnet. Das ist um Gottes willen keine Aufforderung, neue Dogmen zu erfinden, deren Unumst\u00f6\u00dflichkeit fortan feststehen soll. Denn wenn man so ansetzt, hat man bereits wieder eine neue Mauer gebaut.<\/p>\n","protected":false},"excerpt":{"rendered":"<p>Der geneigte Leser wird vielleicht wissen wollen, was soll dieser Blog und was bedeutet das Motto: &#8222;Die Welt ist keine Scheibe?&#8220; F\u00fcr die Verdeutlichung meiner Gedankeng\u00e4nge zur Ver\u00f6ffentlichung bestimmter Erkenntnisse greife ich mal auf die nebenstehende Illustration zur\u00fcck. Ich habe dieses Bild mit dem Titel &#8222;Behind the Walls&#8220; geschaffen um zu versinnbildlichen, dass wir tagt\u00e4glich vor etlichen Mauern stehen und zum Kern der Sache, zum Kern der Erkenntnis, zum Kern des Glaubens, wie auch immer,<\/p>\n","protected":false},"author":1,"featured_media":0,"parent":0,"menu_order":0,"comment_status":"open","ping_status":"open","template":"","meta":{"jetpack_post_was_ever_published":false,"footnotes":""},"class_list":["post-43","page","type-page","status-publish","hentry"],"jetpack_sharing_enabled":true,"jetpack_shortlink":"https:\/\/wp.me\/PaoLFj-H","_links":{"self":[{"href":"https:\/\/visionblue.info\/index.php?rest_route=\/wp\/v2\/pages\/43","targetHints":{"allow":["GET"]}}],"collection":[{"href":"https:\/\/visionblue.info\/index.php?rest_route=\/wp\/v2\/pages"}],"about":[{"href":"https:\/\/visionblue.info\/index.php?rest_route=\/wp\/v2\/types\/page"}],"author":[{"embeddable":true,"href":"https:\/\/visionblue.info\/index.php?rest_route=\/wp\/v2\/users\/1"}],"replies":[{"embeddable":true,"href":"https:\/\/visionblue.info\/index.php?rest_route=%2Fwp%2Fv2%2Fcomments&post=43"}],"version-history":[{"count":7,"href":"https:\/\/visionblue.info\/index.php?rest_route=\/wp\/v2\/pages\/43\/revisions"}],"predecessor-version":[{"id":6158,"href":"https:\/\/visionblue.info\/index.php?rest_route=\/wp\/v2\/pages\/43\/revisions\/6158"}],"wp:attachment":[{"href":"https:\/\/visionblue.info\/index.php?rest_route=%2Fwp%2Fv2%2Fmedia&parent=43"}],"curies":[{"name":"wp","href":"https:\/\/api.w.org\/{rel}","templated":true}]}}