{"id":54,"date":"2006-11-01T08:33:31","date_gmt":"2006-11-01T08:33:31","guid":{"rendered":"http:\/\/visionblue.wordpress.com\/impressum-haftungsausschluss\/"},"modified":"2022-01-31T14:55:42","modified_gmt":"2022-01-31T14:55:42","slug":"impressum-haftungsausschluss","status":"publish","type":"page","link":"https:\/\/visionblue.info\/?page_id=54","title":{"rendered":"Impressum"},"content":{"rendered":"<p style=\"text-align: justify;\">Besucher dieser Homepage werden darauf hingewiesen, dass der Inhaber auf der Grundlage von Vorschriften der Europ\u00e4ischen Union und deutscher Rechtsvorschriften handelt. Insoweit erkennt der Besucher an, dass etwaige Beschwerden und Einw\u00e4nde sowie Anspruchserhebungen nur auf der Grundlage dieser Vorschriften betrachtet werden.<\/p>\n<p style=\"text-align: justify;\">Alle in diesem Blog vorgenommenen Darstellungen geben nur meine pers\u00f6nliche Meinung und meinen gelebten Glauben wieder. <strong>Diese Meinungs\u00e4u\u00dferung und mein Glaubensbekenntnis sind vom Grundgesetz f\u00fcr die Bundesrepublik Deutschland (siehe nachfolgende Zitierung) gesch\u00fctzt, welches ich ausdr\u00fccklich anerkenne und beachte. <\/strong><\/p>\n<p style=\"text-align: justify;\"><strong>Rechtliche Hinweise:<\/strong><br \/>\n<strong><span style=\"text-decoration: underline;\">Das ist eine reine Privatseite, die ohne jeden kommerziellen Hintergrund und nur als Hobby betrieben wird (ausschlie\u00dflich pers\u00f6nliche T\u00e4tigkeit ohne Entgelterzielung). Die Datenschutzgrundverordnung der EU ist daher nicht anwendbar (siehe Art. 2 Abs. 2 c DSGVO).<\/span> <\/strong>Gleichwohl der Hinweis, wenn ihr einen Kommentar abgebt, was ihr gerne d\u00fcrft, hinterlasst ihr immer eine Spur durch eure IP. Das kann ich leider nicht verhindern! Ein ordentliches Impressum f\u00fcr die Seite braucht es nicht (Siehe \u00a7 5 TMG BRD).<br \/>\nDie durch den Seitenbetreiber erstellten Inhalte und Werke auf diesen Seiten unterliegen dem deutschen Urheberrecht. \u00a0S\u00e4mtliche Rechte an allen bildlichen und schriftlichen Darstellungen liegen, soweit nicht anders vermerkt, bei Assessor iur. <strong>Jens Vogler<\/strong>.\u00a0Wiedergabe und Weitergabe von Inhalten dieser Website und Verweise darauf sind nur unter der Voraussetzung gestattet, dass sowohl der Urheber, die Quelle als auch die Internet-Adresse genannt werden. Bei avisierter kommerzieller Nutzung muss ein schriftliches Einverst\u00e4ndnis des Urhebers vorliegen.\u00a0Soweit die Inhalte auf dieser Seite nicht vom Betreiber erstellt wurden, werden die Urheberrechte Dritter beachtet. Insbesondere werden Inhalte Dritter als solche gekennzeichnet. Sollten Sie trotzdem auf eine Urheberrechtsverletzung aufmerksam werden, bitte ich um einen entsprechenden Hinweis. Bei Bekanntwerden von Rechtsverletzungen werde ich derartige Inhalte umgehend entfernen.<br \/>\n<strong>Hinweis:<\/strong><br \/>\nSollte sich jemand als Urheber, Markenrechtsinhaber, Wettbewerber usw. durch die Inhalte dieser Website und\/oder die Domain in seinen Rechten verletzt f\u00fchlen, wird darum gebeten, den Verantwortlichen dieser Webseite zun\u00e4chst formlos ohne anwaltliche Abmahnung mittels E-Mail oder Schreiben auf die Rechtsverletzung aufmerksam zu machen. Der Verantwortliche wird so dann umgehend reagieren und durch geeignete Ma\u00dfnahmen der m\u00f6glichen Rechtsverletzung die Grundlage entziehen. Eine kostenpflichtige Abmahnung ohne vorherigen schriftlichen Hinweis &#8211; wie vorstehend erbeten &#8211; wird mit allen rechtlich zu Verf\u00fcgung stehenden Mitteln abgewehrt. Hinsichtlich der Veranlassung von Serienabmahnungen wird auf das Urteil des OLG D\u00fcsseldorf vom 20.02.2001 (20 U 194\/00) verwiesen. Das OLG D\u00fcsseldorf hatte in dem relevanten Fall einem Serienabmahner die Berechtigung zur Geltendmachung der Anwaltskosten abgesprochen, da die Abmahnerin sich ohne weiteres einen Musterbrief f\u00fcr ihre Abmahnungen fertigen oder fertigen lassen k\u00f6nnte.<\/p>\n<p><strong><a href=\"http:\/\/www.bundestag.de\/dokumente\/rechtsgrundlagen\/grundgesetz\/index.html\" target=\"_blank\" rel=\"noopener noreferrer\">Auszug aus dem Grundgesetz f\u00fcr die Bundesrepublik Deutschland:<\/a><\/strong><\/p>\n<p><span style=\"font-size: 14pt;\"><em><strong>Artikel 4\u00a0<\/strong><br \/>\n(1) Die Freiheit des Glaubens, des Gewissens und die Freiheit des religi\u00f6sen und weltanschaulichen Bekenntnisses sind unverletzlich.<br \/>\n(2) Die ungest\u00f6rte Religionsaus\u00fcbung wird gew\u00e4hrleistet. &#8230;<br \/>\n<\/em><\/span><\/p>\n<p style=\"text-align: justify;\"><span style=\"font-size: 14pt;\"><span style=\"font-weight: bold;\"><em>Artikel 5<br \/>\n<\/em><\/span><em>(1) Jeder hat das Recht, seine Meinung in Wort, Schrift und Bild frei zu \u00e4u\u00dfern und zu verbreiten und sich aus allgemein zug\u00e4nglichen Quellen ungehindert zu unterrichten. Die Pressefreiheit und die Freiheit der Berichterstattung durch Rundfunk und Film werden gew\u00e4hrleistet. Eine Zensur findet nicht statt.<br \/>\n<\/em><em>(2) Diese Rechte finden ihre Schranken in den Vorschriften der allgemeinen Gesetze, den gesetzlichen Bestimmungen zum Schutze der Jugend und in dem Recht der pers\u00f6nlichen Ehre.<br \/>\n<\/em><\/span><em><span style=\"font-size: 14pt;\">(3) Kunst und Wissenschaft, Forschung und Lehre sind frei. Die Freiheit der Lehre entbindet nicht von der Treue zur Verfassung.<\/span><\/em><\/p>\n<p><strong>Kontakt:<br \/>\n<\/strong><\/p>\n<p>Jens Vogler &#8211; E-Mail-Kontakt: jens.vogler at gmx.de<br \/>\nTelefon (Anrufbeantworter UMS)\u00a0und Fax (UMS): +49321 21289460<\/p>\n<hr \/>\n<p>&nbsp;<\/p>\n","protected":false},"excerpt":{"rendered":"<p>Besucher dieser Homepage werden darauf hingewiesen, dass der Inhaber auf der Grundlage von Vorschriften der Europ\u00e4ischen Union und deutscher Rechtsvorschriften handelt. Insoweit erkennt der Besucher an, dass etwaige Beschwerden und Einw\u00e4nde sowie Anspruchserhebungen nur auf der Grundlage dieser Vorschriften betrachtet werden. Alle in diesem Blog vorgenommenen Darstellungen geben nur meine pers\u00f6nliche Meinung und meinen gelebten Glauben wieder. Diese Meinungs\u00e4u\u00dferung und mein Glaubensbekenntnis sind vom Grundgesetz f\u00fcr die Bundesrepublik Deutschland (siehe nachfolgende Zitierung) gesch\u00fctzt, welches ich<\/p>\n","protected":false},"author":1,"featured_media":0,"parent":0,"menu_order":0,"comment_status":"open","ping_status":"open","template":"","meta":{"jetpack_post_was_ever_published":false,"footnotes":""},"class_list":["post-54","page","type-page","status-publish","hentry"],"jetpack_sharing_enabled":true,"jetpack_shortlink":"https:\/\/wp.me\/PaoLFj-S","_links":{"self":[{"href":"https:\/\/visionblue.info\/index.php?rest_route=\/wp\/v2\/pages\/54","targetHints":{"allow":["GET"]}}],"collection":[{"href":"https:\/\/visionblue.info\/index.php?rest_route=\/wp\/v2\/pages"}],"about":[{"href":"https:\/\/visionblue.info\/index.php?rest_route=\/wp\/v2\/types\/page"}],"author":[{"embeddable":true,"href":"https:\/\/visionblue.info\/index.php?rest_route=\/wp\/v2\/users\/1"}],"replies":[{"embeddable":true,"href":"https:\/\/visionblue.info\/index.php?rest_route=%2Fwp%2Fv2%2Fcomments&post=54"}],"version-history":[{"count":11,"href":"https:\/\/visionblue.info\/index.php?rest_route=\/wp\/v2\/pages\/54\/revisions"}],"predecessor-version":[{"id":6483,"href":"https:\/\/visionblue.info\/index.php?rest_route=\/wp\/v2\/pages\/54\/revisions\/6483"}],"wp:attachment":[{"href":"https:\/\/visionblue.info\/index.php?rest_route=%2Fwp%2Fv2%2Fmedia&parent=54"}],"curies":[{"name":"wp","href":"https:\/\/api.w.org\/{rel}","templated":true}]}}